{"id":474478,"date":"2016-12-14T00:21:50","date_gmt":"2016-12-14T05:21:50","guid":{"rendered":"https:\/\/towtruckdrivertraining-tt.tangiblelaunchpad.com\/?page_id=474478"},"modified":"2025-06-02T23:20:43","modified_gmt":"2025-06-03T03:20:43","slug":"termes-et-conditions","status":"publish","type":"page","link":"https:\/\/towtruckdrivertraining-tt.tangiblelaunchpad.com\/fr\/termes-et-conditions\/","title":{"rendered":"Terms &#038; Conditions-French"},"content":{"rendered":"<p>[et_pb_section fb_built=\u00a0\u00bb1&Prime; admin_label=\u00a0\u00bbsection\u00a0\u00bb _builder_version=\u00a0\u00bb4.16&Prime; da_disable_devices=\u00a0\u00bboff|off|off\u00a0\u00bb global_colors_info=\u00a0\u00bb{}\u00a0\u00bb da_is_popup=\u00a0\u00bboff\u00a0\u00bb da_exit_intent=\u00a0\u00bboff\u00a0\u00bb da_has_close=\u00a0\u00bbon\u00a0\u00bb da_alt_close=\u00a0\u00bboff\u00a0\u00bb da_dark_close=\u00a0\u00bboff\u00a0\u00bb da_not_modal=\u00a0\u00bbon\u00a0\u00bb da_is_singular=\u00a0\u00bboff\u00a0\u00bb da_with_loader=\u00a0\u00bboff\u00a0\u00bb da_has_shadow=\u00a0\u00bbon\u00a0\u00bb][et_pb_row admin_label=\u00a0\u00bbrow\u00a0\u00bb _builder_version=\u00a0\u00bb4.16&Prime; background_size=\u00a0\u00bbinitial\u00a0\u00bb background_position=\u00a0\u00bbtop_left\u00a0\u00bb background_repeat=\u00a0\u00bbrepeat\u00a0\u00bb global_colors_info=\u00a0\u00bb{}\u00a0\u00bb][et_pb_column type=\u00a0\u00bb4_4&Prime; _builder_version=\u00a0\u00bb4.16&Prime; custom_padding=\u00a0\u00bb|||\u00a0\u00bb global_colors_info=\u00a0\u00bb{}\u00a0\u00bb custom_padding__hover=\u00a0\u00bb|||\u00a0\u00bb][et_pb_text _builder_version=\u00a0\u00bb4.27.4&Prime; _module_preset=\u00a0\u00bbdefault\u00a0\u00bb text_font=\u00a0\u00bbNunito Sans|900|||||||\u00a0\u00bb text_text_color=\u00a0\u00bb#222626&Prime; text_font_size=\u00a0\u00bb22px\u00a0\u00bb global_colors_info=\u00a0\u00bb{}\u00a0\u00bb]TERMES ET CONDITIONS<br \/>\n[\/et_pb_text][et_pb_text admin_label=\u00a0\u00bbText\u00a0\u00bb _builder_version=\u00a0\u00bb4.27.4&Prime; background_size=\u00a0\u00bbinitial\u00a0\u00bb background_position=\u00a0\u00bbtop_left\u00a0\u00bb background_repeat=\u00a0\u00bbrepeat\u00a0\u00bb hover_enabled=\u00a0\u00bb0&Prime; global_colors_info=\u00a0\u00bb{}\u00a0\u00bb sticky_enabled=\u00a0\u00bb0&Prime;]<\/p>\n<p class=\"\" data-start=\"35\" data-end=\"438\">Ces conditions g\u00e9n\u00e9rales de vente (\u00ab Conditions g\u00e9n\u00e9rales \u00bb) s&rsquo;appliquent \u00e0 toutes les ventes de produits sur <a class=\"\" href=\"https:\/\/shop.towtruckdrivertraining.ca\/\" target=\"_new\" rel=\"noopener\" data-start=\"145\" data-end=\"204\">WreckMaster Shop<\/a>, <a class=\"\" href=\"https:\/\/www.towtruckdrivertraining.ca\/fr\" target=\"_new\" rel=\"noopener\" data-start=\"206\" data-end=\"266\">formation pratique<\/a> et <a class=\"\" href=\"https:\/\/training.towtruckdrivertraining.ca\/\" target=\"_new\" rel=\"noopener\" data-start=\"270\" data-end=\"335\">formation en ligne<\/a>, toutes d\u00e9sign\u00e9es comme les (\u00ab Produits \u00bb) par WreckMaster Inc. (\u00ab WreckMaster \u00bb) \u00e0 vous (\u00ab Client \u00bb).<\/p>\n<p class=\"\" data-start=\"440\" data-end=\"687\"><strong data-start=\"440\" data-end=\"455\">Acceptation<\/strong><br data-start=\"455\" data-end=\"458\" \/>Le Client est r\u00e9put\u00e9 avoir accept\u00e9 les Conditions g\u00e9n\u00e9rales en compl\u00e9tant le processus de commande. L&rsquo;acceptation de la commande par WreckMaster est conditionn\u00e9e par l&rsquo;acceptation des pr\u00e9sentes Conditions g\u00e9n\u00e9rales par le Client.<\/p>\n<p class=\"\" data-start=\"689\" data-end=\"1580\"><strong data-start=\"689\" data-end=\"749\">Politique d&rsquo;annulation des cours en personne WreckMaster<\/strong><br data-start=\"749\" data-end=\"752\" \/>Tout \u00e9tudiant inscrit doit contacter WreckMaster 7 jours avant le d\u00e9but du cours pour recevoir un remboursement complet. Si un \u00e9tudiant contacte WreckMaster entre 7 jours et jusqu&rsquo;\u00e0 2 jours avant le d\u00e9but du cours, des frais d&rsquo;annulation de 50,00 $ seront appliqu\u00e9s. Si un \u00e9tudiant contacte WreckMaster dans les 48 heures pr\u00e9c\u00e9dant le d\u00e9but d&rsquo;un cours, des frais d&rsquo;annulation de 125,00 $ seront appliqu\u00e9s. En cas d&rsquo;absence de l&rsquo;\u00e9tudiant \u00e0 un cours sans avoir notifi\u00e9 WreckMaster de son annulation, l&rsquo;int\u00e9gralit\u00e9 des frais de scolarit\u00e9 sera perdue et aucun remboursement ne sera effectu\u00e9. Veuillez appeler le 800-267-2266 pendant les heures de bureau, du lundi au vendredi entre 9h et 17h, heure de l&rsquo;Est (email <a rel=\"noopener\" data-start=\"1463\" data-end=\"1483\">info@wreckmaster.com<\/a> apr\u00e8s les heures de bureau) avant 8h00 le jour du cours si vous devez annuler votre inscription.<\/p>\n<p class=\"\" data-start=\"1582\" data-end=\"2199\"><strong data-start=\"1582\" data-end=\"1655\">Renonciation de responsabilit\u00e9 pour les cours en personne WreckMaster<\/strong><br data-start=\"1655\" data-end=\"1658\" \/>En m&rsquo;inscrivant \u00e0 ce cours, j&rsquo;assume l&rsquo;enti\u00e8re responsabilit\u00e9 des dommages mat\u00e9riels, des blessures corporelles et des dommages corporels, y compris la mort, pouvant survenir dans le cadre de mon inscription au programme de formation WreckMaster. Je consens \u00e9galement \u00e0 exon\u00e9rer et \u00e0 d\u00e9gager de toute responsabilit\u00e9 WreckMaster Inc., ses administrateurs, dirigeants, employ\u00e9s et agents, pour toute perte, blessure ou dommage, y compris la mort, pouvant \u00eatre subis par moi \u00e0 la suite de ma participation au programme de formation WreckMaster.<\/p>\n<p class=\"\" data-start=\"2201\" data-end=\"2395\">J&rsquo;autorise WreckMaster Inc. \u00e0 utiliser et reproduire toute photographie, r\u00e9cit personnel, interview ou enregistrement audio et vid\u00e9o de ma participation \u00e0 leurs cours de formation \u00e0 toutes fins.<\/p>\n<p class=\"\" data-start=\"2397\" data-end=\"2838\">En tant qu&rsquo;\u00e9tudiant inscrit dans un cours de formation WreckMaster, vous n&rsquo;\u00eates pas autoris\u00e9 \u00e0 dupliquer tout mat\u00e9riel \u00e0 des fins quelconques. La propri\u00e9t\u00e9 intellectuelle de WreckMaster (mat\u00e9riaux de formation, concepts, techniques) est prot\u00e9g\u00e9e par des droits d&rsquo;auteur et ne peut \u00eatre utilis\u00e9e par quiconque, entreprise, organisation, association, club ou groupe de quelque mani\u00e8re que ce soit sans le consentement \u00e9crit de WreckMaster Inc.<\/p>\n<p class=\"\" data-start=\"2840\" data-end=\"3078\"><strong data-start=\"2840\" data-end=\"2878\">Protocoles COVID-19 de WreckMaster<\/strong><br data-start=\"2878\" data-end=\"2881\" \/>En raison des risques associ\u00e9s \u00e0 la COVID-19 et afin de garantir la s\u00e9curit\u00e9 des instructeurs, des h\u00f4tes et des \u00e9tudiants, les protocoles suivants seront suivis pendant tous les cours en personne :<\/p>\n<p class=\"\" data-start=\"3080\" data-end=\"3606\">\u2013 Si vous ne vous sentez pas bien, restez chez vous.<br data-start=\"3132\" data-end=\"3135\" \/>\u2013 Maintenez une distance d&rsquo;au moins 6 pieds entre vous, votre instructeur, les autres \u00e9tudiants ou toute autre personne pr\u00e9sente dans ce cours de formation.<br data-start=\"3291\" data-end=\"3294\" \/>\u2013 \u00c9vitez de toucher votre visage, en particulier vos yeux, votre nez et votre bouche, et lavez-vous les mains r\u00e9guli\u00e8rement ou utilisez un d\u00e9sinfectant pour les mains \u00e0 forte teneur en alcool.<br data-start=\"3486\" data-end=\"3489\" \/>\u2013 Si vous devez tousser ou \u00e9ternuer, faites-le dans un mouchoir ou dans votre coude, puis lavez-vous les mains apr\u00e8s.<\/p>\n<p class=\"\" data-start=\"3608\" data-end=\"3715\">WreckMaster vous encourage \u00e0 porter un masque lorsque la distanciation physique ne peut pas \u00eatre maintenue.<\/p>\n<p class=\"\" data-start=\"3717\" data-end=\"3774\">Les acceptations li\u00e9es \u00e0 la COVID-19 sont les suivantes :<\/p>\n<p class=\"\" data-start=\"3776\" data-end=\"4208\">\u2013 En vous inscrivant \u00e0 un cours en personne, vous confirmez que vous n&rsquo;avez pas \u00e9t\u00e9 en contact avec une personne atteinte de la COVID-19 ou que vous ne pr\u00e9sentez pas de sympt\u00f4mes tels que de la fi\u00e8vre, de la toux ou des difficult\u00e9s respiratoires.<br data-start=\"4022\" data-end=\"4025\" \/>\u2013 Vous n&rsquo;avez pas voyag\u00e9 \u00e0 l&rsquo;\u00e9tranger dans les 14 jours pr\u00e9c\u00e9dant le cours.<br data-start=\"4100\" data-end=\"4103\" \/>\u2013 Vous ne pr\u00e9sentez pas de sympt\u00f4mes de la COVID-19 ni n&rsquo;en avez pr\u00e9sent\u00e9 au cours des 14 derniers jours.<\/p>\n<p class=\"\" data-start=\"4210\" data-end=\"4359\">Si vous pr\u00e9sentez des sympt\u00f4mes de la COVID-19, vous \u00eates tenu de quitter imm\u00e9diatement le cours et de contacter votre prestataire de soins de sant\u00e9.<\/p>\n<p class=\"\" data-start=\"4361\" data-end=\"4709\"><strong data-start=\"4361\" data-end=\"4387\">Commande et Exp\u00e9dition<\/strong><br data-start=\"4387\" data-end=\"4390\" \/>Le Client commandera les Produits uniquement en ligne, sous une forme acceptable pour WreckMaster. WreckMaster peut accepter ou rejeter la commande pour toute raison. WreckMaster ne sera pas li\u00e9 par les termes et conditions \u00e9nonc\u00e9s dans les bons de commande du Client, sauf si cela a \u00e9t\u00e9 convenu par \u00e9crit au pr\u00e9alable.<\/p>\n<p class=\"\" data-start=\"4711\" data-end=\"5274\">Sauf accord \u00e9crit contraire, la livraison sera effectu\u00e9e conform\u00e9ment \u00e0 la politique d&rsquo;exp\u00e9dition de WreckMaster \u00e0 la date d&rsquo;exp\u00e9dition. Toutes les exp\u00e9ditions de Produits par WreckMaster au Client seront FOB (Free On Board) au point d&rsquo;exp\u00e9dition. Le Client est responsable de l&rsquo;assurance, des frais de transport et de toutes les autres d\u00e9penses li\u00e9es \u00e0 l&rsquo;exp\u00e9dition des Produits. Le titre de propri\u00e9t\u00e9 du Produit et le risque de perte passeront au Client lors de la livraison \u00e0 un transporteur ou \u00e0 un repr\u00e9sentant du Client au point d&rsquo;exp\u00e9dition de WreckMaster.<\/p>\n<p class=\"\" data-start=\"5276\" data-end=\"5468\">Le Client doit informer WreckMaster, en appelant le service client de WreckMaster, de toute r\u00e9clamation pour des p\u00e9nuries ou des rejets dans les quarante-huit (48) heures suivant la livraison.<\/p>\n<p class=\"\" data-start=\"5470\" data-end=\"5690\"><strong data-start=\"5470\" data-end=\"5490\">Prix et Paiement<\/strong><br data-start=\"5490\" data-end=\"5493\" \/>Les prix des Produits sont d\u00e9finis dans la liste de prix applicable de WreckMaster ou selon un accord de tarification convenu, et ne comprennent pas les taxes applicables ni les frais de livraison.<\/p>\n<p class=\"\" data-start=\"5692\" data-end=\"6011\">Le paiement est d\u00fb au moment de la commande ou avant le d\u00e9but du cours. Un frais de retard de 1,5% par mois (18% par an) sera appliqu\u00e9 sur tout solde impay\u00e9. WreckMaster se r\u00e9serve le droit de retenir l&rsquo;exp\u00e9dition de toute partie d&rsquo;une commande ou d&rsquo;exiger un paiement pr\u00e9alable si le Client ne paie pas en temps voulu.<\/p>\n<p class=\"\" data-start=\"6013\" data-end=\"6093\">Le Client paiera toutes les taxes, droits, licences et autres frais applicables.<\/p>\n<p class=\"\" data-start=\"6095\" data-end=\"6618\"><strong data-start=\"6095\" data-end=\"6128\">Retour et Assistance Garantie<\/strong><br data-start=\"6128\" data-end=\"6131\" \/>Le Client peut retourner les Produits achet\u00e9s chez WreckMaster et recevoir un cr\u00e9dit sous r\u00e9serve des conditions suivantes :<br data-start=\"6255\" data-end=\"6258\" \/>(a) Le Produit est retourn\u00e9 dans les 30 jours suivant la date de la facture ;<br data-start=\"6335\" data-end=\"6338\" \/>(b) Le prix du Produit n&rsquo;a pas diminu\u00e9 depuis son exp\u00e9dition ;<br data-start=\"6400\" data-end=\"6403\" \/>(c) Le Produit est neuf et inutilis\u00e9 ;<br data-start=\"6441\" data-end=\"6444\" \/>(d) Le Produit est dans son emballage d&rsquo;origine, qui n&rsquo;a pas \u00e9t\u00e9 endommag\u00e9 ou alt\u00e9r\u00e9 ;<br data-start=\"6530\" data-end=\"6533\" \/>(e) WreckMaster d\u00e9termine que le Client n&rsquo;est pas en d\u00e9faut des Conditions g\u00e9n\u00e9rales.<\/p>\n<p class=\"\" data-start=\"6620\" data-end=\"7021\"><strong data-start=\"6620\" data-end=\"6652\">Limitation de Responsabilit\u00e9<\/strong><br data-start=\"6652\" data-end=\"6655\" \/>WreckMaster NE FAIT AUCUNE GARANTIE DES PRODUITS. WreckMaster D\u00c9CLINE TOUTE REPR\u00c9SENTATION ET GARANTIE, EXPRESSE OU IMPLICITE, SUR LES PRODUITS, Y COMPRIS, SANS S&rsquo;Y LIMITER, TOUTE GARANTIE IMPLICITE DE QUALIT\u00c9 MARCHANDE OU D&rsquo;ADAPTATION \u00c0 UN USAGE PARTICULIER. EN AUCUN CAS, WreckMaster NE SERA RESPONSABLE DE TOUT DOMMAGE INDIRECT, SPECIAL, CONS\u00c9CUTIF OU EXEMPLAIRE.<\/p>\n<p class=\"\" data-start=\"7023\" data-end=\"7223\"><strong data-start=\"7023\" data-end=\"7060\">M\u00e9mos de Cr\u00e9dit et Remboursements<\/strong><br data-start=\"7060\" data-end=\"7063\" \/>Les m\u00e9mos de cr\u00e9dit peuvent \u00eatre disponibles pour le Client selon les politiques de WreckMaster. Les remboursements ne seront effectu\u00e9s qu&rsquo;en cas de trop-per\u00e7u.<\/p>\n<p class=\"\" data-start=\"7225\" data-end=\"7383\"><strong data-start=\"7225\" data-end=\"7257\">Restrictions \u00e0 l&rsquo;exportation<\/strong><br data-start=\"7257\" data-end=\"7260\" \/>Le Client obtiendra toutes les licences et permis requis et se conformera \u00e0 toutes les lois et r\u00e9glementations applicables.<\/p>\n<p class=\"\" data-start=\"7385\" data-end=\"7538\"><strong data-start=\"7385\" data-end=\"7400\">G\u00e9n\u00e9ralit\u00e9s<\/strong><br data-start=\"7400\" data-end=\"7403\" \/>Les pr\u00e9sentes Conditions g\u00e9n\u00e9rales seront interpr\u00e9t\u00e9es conform\u00e9ment aux lois de l&rsquo;\u00c9tat de New York, \u00e0 l&rsquo;exception des conflits de lois.<\/p>\n<p class=\"\" data-start=\"7540\" data-end=\"7653\">Ces Conditions g\u00e9n\u00e9rales constituent l&rsquo;int\u00e9gralit\u00e9 de l&rsquo;accord entre les parties concernant la vente de produits.<\/p>\n<p>[\/et_pb_text][\/et_pb_column][\/et_pb_row][\/et_pb_section]<\/p>\n","protected":false},"excerpt":{"rendered":"<p>TERMES ET CONDITIONS Ces conditions g\u00e9n\u00e9rales de vente (\u00ab Conditions g\u00e9n\u00e9rales \u00bb) s&rsquo;appliquent \u00e0 toutes les ventes de produits sur WreckMaster Shop, formation pratique et formation en ligne, toutes d\u00e9sign\u00e9es [&hellip;]<\/p>\n","protected":false},"author":3,"featured_media":0,"parent":0,"menu_order":0,"comment_status":"closed","ping_status":"closed","template":"","meta":{"_bbp_topic_count":0,"_bbp_reply_count":0,"_bbp_total_topic_count":0,"_bbp_total_reply_count":0,"_bbp_voice_count":0,"_bbp_anonymous_reply_count":0,"_bbp_topic_count_hidden":0,"_bbp_reply_count_hidden":0,"_bbp_forum_subforum_count":0,"_et_pb_use_builder":"on","_et_pb_old_content":"","_et_gb_content_width":"","_monsterinsights_skip_tracking":false,"_monsterinsights_sitenote_active":false,"_monsterinsights_sitenote_note":"","_monsterinsights_sitenote_category":0,"footnotes":""},"class_list":["post-474478","page","type-page","status-publish","hentry","user-has-not-earned"],"aioseo_notices":[],"yoast_head":"<!-- This site is optimized with the Yoast SEO plugin v24.7 - https:\/\/yoast.com\/wordpress\/plugins\/seo\/ -->\n<title>Terms &amp; Conditions-French - Tow Truck Driver Training<\/title>\n<meta name=\"robots\" content=\"index, follow, max-snippet:-1, max-image-preview:large, max-video-preview:-1\" \/>\n<link rel=\"canonical\" href=\"https:\/\/towtruckdrivertraining-tt.tangiblelaunchpad.com\/fr\/termes-et-conditions\/\" \/>\n<meta property=\"og:locale\" content=\"fr_FR\" \/>\n<meta property=\"og:type\" content=\"article\" \/>\n<meta property=\"og:title\" content=\"Terms &amp; Conditions-French - Tow Truck Driver Training\" \/>\n<meta property=\"og:description\" content=\"TERMES ET CONDITIONS Ces conditions g\u00e9n\u00e9rales de vente (\u00ab Conditions g\u00e9n\u00e9rales \u00bb) s&#039;appliquent \u00e0 toutes les ventes de produits sur WreckMaster Shop, formation pratique et formation en ligne, toutes d\u00e9sign\u00e9es [&hellip;]\" \/>\n<meta property=\"og:url\" content=\"https:\/\/towtruckdrivertraining-tt.tangiblelaunchpad.com\/fr\/termes-et-conditions\/\" \/>\n<meta property=\"og:site_name\" content=\"Tow Truck Driver Training\" \/>\n<meta property=\"article:modified_time\" content=\"2025-06-03T03:20:43+00:00\" \/>\n<meta name=\"twitter:card\" content=\"summary_large_image\" \/>\n<meta name=\"twitter:label1\" content=\"Dur\u00e9e de lecture estim\u00e9e\" \/>\n\t<meta name=\"twitter:data1\" content=\"6 minutes\" \/>\n<script type=\"application\/ld+json\" class=\"yoast-schema-graph\">{\"@context\":\"https:\/\/schema.org\",\"@graph\":[{\"@type\":\"WebPage\",\"@id\":\"https:\/\/towtruckdrivertraining-tt.tangiblelaunchpad.com\/fr\/termes-et-conditions\/\",\"url\":\"https:\/\/towtruckdrivertraining-tt.tangiblelaunchpad.com\/fr\/termes-et-conditions\/\",\"name\":\"Terms & Conditions-French - Tow Truck Driver Training\",\"isPartOf\":{\"@id\":\"https:\/\/towtruckdrivertraining-tt.tangiblelaunchpad.com\/#website\"},\"datePublished\":\"2016-12-14T05:21:50+00:00\",\"dateModified\":\"2025-06-03T03:20:43+00:00\",\"breadcrumb\":{\"@id\":\"https:\/\/towtruckdrivertraining-tt.tangiblelaunchpad.com\/fr\/termes-et-conditions\/#breadcrumb\"},\"inLanguage\":\"fr-FR\",\"potentialAction\":[{\"@type\":\"ReadAction\",\"target\":[\"https:\/\/towtruckdrivertraining-tt.tangiblelaunchpad.com\/fr\/termes-et-conditions\/\"]}]},{\"@type\":\"BreadcrumbList\",\"@id\":\"https:\/\/towtruckdrivertraining-tt.tangiblelaunchpad.com\/fr\/termes-et-conditions\/#breadcrumb\",\"itemListElement\":[{\"@type\":\"ListItem\",\"position\":1,\"name\":\"Home\",\"item\":\"https:\/\/towtruckdrivertraining-tt.tangiblelaunchpad.com\/\"},{\"@type\":\"ListItem\",\"position\":2,\"name\":\"Terms &#038; Conditions-French\"}]},{\"@type\":\"WebSite\",\"@id\":\"https:\/\/towtruckdrivertraining-tt.tangiblelaunchpad.com\/#website\",\"url\":\"https:\/\/towtruckdrivertraining-tt.tangiblelaunchpad.com\/\",\"name\":\"Tow Truck Driver Training\",\"description\":\"Dedicated to the Professional Development of Tow Owners and Operators\",\"potentialAction\":[{\"@type\":\"SearchAction\",\"target\":{\"@type\":\"EntryPoint\",\"urlTemplate\":\"https:\/\/towtruckdrivertraining-tt.tangiblelaunchpad.com\/?s={search_term_string}\"},\"query-input\":{\"@type\":\"PropertyValueSpecification\",\"valueRequired\":true,\"valueName\":\"search_term_string\"}}],\"inLanguage\":\"fr-FR\"}]}<\/script>\n<!-- \/ Yoast SEO plugin. -->","yoast_head_json":{"title":"Terms & Conditions-French - Tow Truck Driver Training","robots":{"index":"index","follow":"follow","max-snippet":"max-snippet:-1","max-image-preview":"max-image-preview:large","max-video-preview":"max-video-preview:-1"},"canonical":"https:\/\/towtruckdrivertraining-tt.tangiblelaunchpad.com\/fr\/termes-et-conditions\/","og_locale":"fr_FR","og_type":"article","og_title":"Terms & Conditions-French - Tow Truck Driver Training","og_description":"TERMES ET CONDITIONS Ces conditions g\u00e9n\u00e9rales de vente (\u00ab Conditions g\u00e9n\u00e9rales \u00bb) s'appliquent \u00e0 toutes les ventes de produits sur WreckMaster Shop, formation pratique et formation en ligne, toutes d\u00e9sign\u00e9es [&hellip;]","og_url":"https:\/\/towtruckdrivertraining-tt.tangiblelaunchpad.com\/fr\/termes-et-conditions\/","og_site_name":"Tow Truck Driver Training","article_modified_time":"2025-06-03T03:20:43+00:00","twitter_card":"summary_large_image","twitter_misc":{"Dur\u00e9e de lecture estim\u00e9e":"6 minutes"},"schema":{"@context":"https:\/\/schema.org","@graph":[{"@type":"WebPage","@id":"https:\/\/towtruckdrivertraining-tt.tangiblelaunchpad.com\/fr\/termes-et-conditions\/","url":"https:\/\/towtruckdrivertraining-tt.tangiblelaunchpad.com\/fr\/termes-et-conditions\/","name":"Terms & Conditions-French - Tow Truck Driver Training","isPartOf":{"@id":"https:\/\/towtruckdrivertraining-tt.tangiblelaunchpad.com\/#website"},"datePublished":"2016-12-14T05:21:50+00:00","dateModified":"2025-06-03T03:20:43+00:00","breadcrumb":{"@id":"https:\/\/towtruckdrivertraining-tt.tangiblelaunchpad.com\/fr\/termes-et-conditions\/#breadcrumb"},"inLanguage":"fr-FR","potentialAction":[{"@type":"ReadAction","target":["https:\/\/towtruckdrivertraining-tt.tangiblelaunchpad.com\/fr\/termes-et-conditions\/"]}]},{"@type":"BreadcrumbList","@id":"https:\/\/towtruckdrivertraining-tt.tangiblelaunchpad.com\/fr\/termes-et-conditions\/#breadcrumb","itemListElement":[{"@type":"ListItem","position":1,"name":"Home","item":"https:\/\/towtruckdrivertraining-tt.tangiblelaunchpad.com\/"},{"@type":"ListItem","position":2,"name":"Terms &#038; Conditions-French"}]},{"@type":"WebSite","@id":"https:\/\/towtruckdrivertraining-tt.tangiblelaunchpad.com\/#website","url":"https:\/\/towtruckdrivertraining-tt.tangiblelaunchpad.com\/","name":"Tow Truck Driver Training","description":"Dedicated to the Professional Development of Tow Owners and Operators","potentialAction":[{"@type":"SearchAction","target":{"@type":"EntryPoint","urlTemplate":"https:\/\/towtruckdrivertraining-tt.tangiblelaunchpad.com\/?s={search_term_string}"},"query-input":{"@type":"PropertyValueSpecification","valueRequired":true,"valueName":"search_term_string"}}],"inLanguage":"fr-FR"}]}},"_links":{"self":[{"href":"https:\/\/towtruckdrivertraining-tt.tangiblelaunchpad.com\/fr\/wp-json\/wp\/v2\/pages\/474478","targetHints":{"allow":["GET"]}}],"collection":[{"href":"https:\/\/towtruckdrivertraining-tt.tangiblelaunchpad.com\/fr\/wp-json\/wp\/v2\/pages"}],"about":[{"href":"https:\/\/towtruckdrivertraining-tt.tangiblelaunchpad.com\/fr\/wp-json\/wp\/v2\/types\/page"}],"author":[{"embeddable":true,"href":"https:\/\/towtruckdrivertraining-tt.tangiblelaunchpad.com\/fr\/wp-json\/wp\/v2\/users\/3"}],"replies":[{"embeddable":true,"href":"https:\/\/towtruckdrivertraining-tt.tangiblelaunchpad.com\/fr\/wp-json\/wp\/v2\/comments?post=474478"}],"version-history":[{"count":6,"href":"https:\/\/towtruckdrivertraining-tt.tangiblelaunchpad.com\/fr\/wp-json\/wp\/v2\/pages\/474478\/revisions"}],"predecessor-version":[{"id":489106,"href":"https:\/\/towtruckdrivertraining-tt.tangiblelaunchpad.com\/fr\/wp-json\/wp\/v2\/pages\/474478\/revisions\/489106"}],"wp:attachment":[{"href":"https:\/\/towtruckdrivertraining-tt.tangiblelaunchpad.com\/fr\/wp-json\/wp\/v2\/media?parent=474478"}],"curies":[{"name":"wp","href":"https:\/\/api.w.org\/{rel}","templated":true}]}}