{"id":474472,"date":"2025-05-01T15:03:35","date_gmt":"2025-05-01T19:03:35","guid":{"rendered":"https:\/\/towtruckdrivertraining-tt.tangiblelaunchpad.com\/?page_id=474472"},"modified":"2025-05-07T00:05:07","modified_gmt":"2025-05-07T04:05:07","slug":"politique-de-confidentialite","status":"publish","type":"page","link":"https:\/\/towtruckdrivertraining-tt.tangiblelaunchpad.com\/fr\/politique-de-confidentialite\/","title":{"rendered":"Privacy Policy-French"},"content":{"rendered":"<p>[et_pb_section fb_built=\u00a0\u00bb1&Prime; _builder_version=\u00a0\u00bb4.16&Prime; da_disable_devices=\u00a0\u00bboff|off|off\u00a0\u00bb global_colors_info=\u00a0\u00bb{}\u00a0\u00bb da_is_popup=\u00a0\u00bboff\u00a0\u00bb da_exit_intent=\u00a0\u00bboff\u00a0\u00bb da_has_close=\u00a0\u00bbon\u00a0\u00bb da_alt_close=\u00a0\u00bboff\u00a0\u00bb da_dark_close=\u00a0\u00bboff\u00a0\u00bb da_not_modal=\u00a0\u00bbon\u00a0\u00bb da_is_singular=\u00a0\u00bboff\u00a0\u00bb da_with_loader=\u00a0\u00bboff\u00a0\u00bb da_has_shadow=\u00a0\u00bbon\u00a0\u00bb][et_pb_row _builder_version=\u00a0\u00bb4.16&Prime; background_size=\u00a0\u00bbinitial\u00a0\u00bb background_position=\u00a0\u00bbtop_left\u00a0\u00bb background_repeat=\u00a0\u00bbrepeat\u00a0\u00bb global_colors_info=\u00a0\u00bb{}\u00a0\u00bb][et_pb_column type=\u00a0\u00bb4_4&Prime; _builder_version=\u00a0\u00bb4.16&Prime; custom_padding=\u00a0\u00bb|||\u00a0\u00bb global_colors_info=\u00a0\u00bb{}\u00a0\u00bb custom_padding__hover=\u00a0\u00bb|||\u00a0\u00bb][et_pb_text _builder_version=\u00a0\u00bb4.27.4&Prime; _module_preset=\u00a0\u00bbdefault\u00a0\u00bb text_font=\u00a0\u00bbNunito Sans|900|||||||\u00a0\u00bb text_text_color=\u00a0\u00bb#222626&Prime; text_font_size=\u00a0\u00bb22px\u00a0\u00bb global_colors_info=\u00a0\u00bb{}\u00a0\u00bb]<\/p>\n<p>POLITIQUE DE CONFIDENTIALIT\u00c9<\/p>\n<p>[\/et_pb_text][et_pb_text _builder_version=\u00a0\u00bb4.27.4&Prime; background_size=\u00a0\u00bbinitial\u00a0\u00bb background_position=\u00a0\u00bbtop_left\u00a0\u00bb background_repeat=\u00a0\u00bbrepeat\u00a0\u00bb global_colors_info=\u00a0\u00bb{}\u00a0\u00bb]<\/p>\n<p data-start=\"0\" data-end=\"83\" class=\"\"><strong data-start=\"0\" data-end=\"47\">Politique de confidentialit\u00e9 de WreckMaster<\/strong><br data-start=\"47\" data-end=\"50\" \/>Derni\u00e8re mise \u00e0 jour : 02\/03\/2023<\/p>\n<p data-start=\"85\" data-end=\"1510\" class=\"\"><strong data-start=\"85\" data-end=\"101\">INTRODUCTION<\/strong><br data-start=\"101\" data-end=\"104\" \/>WreckMaster (\u00ab nous \u00bb ou \u00ab notre \u00bb) respecte la vie priv\u00e9e de ses utilisateurs (\u00ab utilisateur \u00bb ou \u00ab vous \u00bb). Cette politique de confidentialit\u00e9 explique comment nous collectons, utilisons, divulguons et prot\u00e9geons vos informations lorsque vous visitez notre site web WreckMaster.com, y compris toute autre forme de m\u00e9dia, cha\u00eene de m\u00e9dias, site mobile ou application mobile li\u00e9e ou associ\u00e9e \u00e0 celui-ci (collectivement, le \u00ab Site \u00bb). Veuillez lire cette politique de confidentialit\u00e9 attentivement. Si vous n&rsquo;\u00eates pas d&rsquo;accord avec les termes de cette politique de confidentialit\u00e9, veuillez ne pas acc\u00e9der au site. Nous nous r\u00e9servons le droit d&rsquo;apporter des modifications \u00e0 cette politique de confidentialit\u00e9 \u00e0 tout moment et pour n&rsquo;importe quelle raison. Nous vous informerons de tout changement en mettant \u00e0 jour la date de la section \u00ab Derni\u00e8re mise \u00e0 jour \u00bb de cette politique. Toute modification ou mise \u00e0 jour sera effective imm\u00e9diatement d\u00e8s sa publication sur le site, et vous renoncez au droit de recevoir un avis sp\u00e9cifique de chaque modification. Nous vous encourageons \u00e0 consulter r\u00e9guli\u00e8rement cette politique de confidentialit\u00e9 pour rester inform\u00e9 des mises \u00e0 jour. Vous serez r\u00e9put\u00e9 avoir pris connaissance des modifications et avoir accept\u00e9 les modifications de toute politique de confidentialit\u00e9 r\u00e9vis\u00e9e par votre utilisation continue du Site apr\u00e8s la publication de cette version r\u00e9vis\u00e9e.<\/p>\n<p data-start=\"1512\" data-end=\"1694\" class=\"\"><strong data-start=\"1512\" data-end=\"1544\">COLLECTE DE VOS INFORMATIONS<\/strong><br data-start=\"1544\" data-end=\"1547\" \/>Nous pouvons collecter des informations vous concernant de diverses mani\u00e8res. Les informations que nous pouvons collecter sur le site comprennent :<\/p>\n<p data-start=\"1696\" data-end=\"2325\" class=\"\"><strong data-start=\"1696\" data-end=\"1720\">Donn\u00e9es personnelles<\/strong><br data-start=\"1720\" data-end=\"1723\" \/>Informations personnelles identifiables, telles que votre nom, adresse de livraison, adresse e-mail et num\u00e9ro de t\u00e9l\u00e9phone, ainsi que des informations d\u00e9mographiques, telles que votre \u00e2ge, sexe, ville d&rsquo;origine et int\u00e9r\u00eats, que vous nous fournissez volontairement lors de votre inscription sur le site ou lorsque vous choisissez de participer \u00e0 diverses activit\u00e9s li\u00e9es au site, comme les chats en ligne et les forums de discussion. Vous n&rsquo;\u00eates en aucun cas oblig\u00e9 de nous fournir des informations personnelles, mais le refus de le faire peut vous emp\u00eacher d&rsquo;utiliser certaines fonctionnalit\u00e9s du site.<\/p>\n<p data-start=\"2327\" data-end=\"2618\" class=\"\"><strong data-start=\"2327\" data-end=\"2347\">Donn\u00e9es d\u00e9riv\u00e9es<\/strong><br data-start=\"2347\" data-end=\"2350\" \/>Informations que nos serveurs collectent automatiquement lorsque vous acc\u00e9dez au site, telles que votre adresse IP, le type de votre navigateur, votre syst\u00e8me d&rsquo;exploitation, vos heures d&rsquo;acc\u00e8s et les pages que vous avez consult\u00e9es avant et apr\u00e8s avoir acc\u00e9d\u00e9 au site.<\/p>\n<p data-start=\"2620\" data-end=\"3242\" class=\"\"><strong data-start=\"2620\" data-end=\"2643\">Donn\u00e9es financi\u00e8res<\/strong><br data-start=\"2643\" data-end=\"2646\" \/>Informations financi\u00e8res, telles que les donn\u00e9es li\u00e9es \u00e0 votre m\u00e9thode de paiement (par exemple, le num\u00e9ro de carte de cr\u00e9dit valide, la marque de la carte, la date d&rsquo;expiration), que nous pouvons collecter lorsque vous achetez, commandez, retournez, \u00e9changez ou demandez des informations concernant nos services. Nous stockons tr\u00e8s peu d&rsquo;informations financi\u00e8res, le cas \u00e9ch\u00e9ant. Les informations financi\u00e8res sont principalement stock\u00e9es par notre processeur de paiement, et nous vous encourageons \u00e0 consulter leur politique de confidentialit\u00e9 et \u00e0 les contacter directement pour toute question.<\/p>\n<p data-start=\"3244\" data-end=\"3507\" class=\"\"><strong data-start=\"3244\" data-end=\"3277\">Donn\u00e9es des appareils mobiles<\/strong><br data-start=\"3277\" data-end=\"3280\" \/>Informations concernant votre appareil mobile, telles que l&rsquo;ID de votre appareil, son mod\u00e8le et son fabricant, ainsi que des informations sur la localisation de votre appareil, si vous acc\u00e9dez au site depuis un appareil mobile.<\/p>\n<p data-start=\"3509\" data-end=\"3721\" class=\"\"><strong data-start=\"3509\" data-end=\"3529\">Donn\u00e9es de tiers<\/strong><br data-start=\"3529\" data-end=\"3532\" \/>Informations provenant de tiers, telles que des informations personnelles ou des amis du r\u00e9seau, si vous connectez votre compte \u00e0 un tiers et autorisez le site \u00e0 acc\u00e9der \u00e0 ces informations.<\/p>\n<p data-start=\"3723\" data-end=\"3911\" class=\"\"><strong data-start=\"3723\" data-end=\"3768\">Donn\u00e9es des concours, tirages et enqu\u00eates<\/strong><br data-start=\"3768\" data-end=\"3771\" \/>Informations personnelles et autres que vous pouvez fournir lorsque vous participez \u00e0 des concours ou tirages et\/ou r\u00e9pondez \u00e0 des enqu\u00eates.<\/p>\n<p data-start=\"3913\" data-end=\"4157\" class=\"\"><strong data-start=\"3913\" data-end=\"3948\">UTILISATION DE VOS INFORMATIONS<\/strong><br data-start=\"3948\" data-end=\"3951\" \/>L&rsquo;exactitude des informations nous permettant de vous offrir une exp\u00e9rience fluide, efficace et personnalis\u00e9e. Plus pr\u00e9cis\u00e9ment, nous pouvons utiliser les informations collect\u00e9es sur vous via le site pour :<\/p>\n<ul data-start=\"4159\" data-end=\"5616\">\n<li data-start=\"4159\" data-end=\"4217\" class=\"\">\n<p data-start=\"4161\" data-end=\"4217\" class=\"\">G\u00e9rer des jeux-concours, des promotions et des concours.<\/p>\n<\/li>\n<li data-start=\"4218\" data-end=\"4294\" class=\"\">\n<p data-start=\"4220\" data-end=\"4294\" class=\"\">Assister les forces de l&rsquo;ordre et r\u00e9pondre \u00e0 des assignations judiciaires.<\/p>\n<\/li>\n<li data-start=\"4295\" data-end=\"4387\" class=\"\">\n<p data-start=\"4297\" data-end=\"4387\" class=\"\">Compiler des donn\u00e9es statistiques anonymes pour une utilisation interne ou avec des tiers.<\/p>\n<\/li>\n<li data-start=\"4388\" data-end=\"4418\" class=\"\">\n<p data-start=\"4390\" data-end=\"4418\" class=\"\">Cr\u00e9er et g\u00e9rer votre compte.<\/p>\n<\/li>\n<li data-start=\"4419\" data-end=\"4558\" class=\"\">\n<p data-start=\"4421\" data-end=\"4558\" class=\"\">Diffuser des publicit\u00e9s cibl\u00e9es, des coupons, des bulletins d&rsquo;informations et d&rsquo;autres informations concernant des promotions et le site.<\/p>\n<\/li>\n<li data-start=\"4559\" data-end=\"4622\" class=\"\">\n<p data-start=\"4561\" data-end=\"4622\" class=\"\">Vous envoyer des e-mails concernant votre compte ou commande.<\/p>\n<\/li>\n<li data-start=\"4623\" data-end=\"4673\" class=\"\">\n<p data-start=\"4625\" data-end=\"4673\" class=\"\">Permettre les communications entre utilisateurs.<\/p>\n<\/li>\n<li data-start=\"4674\" data-end=\"4764\" class=\"\">\n<p data-start=\"4676\" data-end=\"4764\" class=\"\">Ex\u00e9cuter et g\u00e9rer les achats, commandes, paiements et autres transactions li\u00e9es au site.<\/p>\n<\/li>\n<li data-start=\"4765\" data-end=\"4869\" class=\"\">\n<p data-start=\"4767\" data-end=\"4869\" class=\"\">Cr\u00e9er un profil personnalis\u00e9 sur vous pour rendre vos futures visites sur le site plus personnalis\u00e9es.<\/p>\n<\/li>\n<li data-start=\"4870\" data-end=\"4918\" class=\"\">\n<p data-start=\"4872\" data-end=\"4918\" class=\"\">Augmenter l&rsquo;efficacit\u00e9 et l&rsquo;op\u00e9ration du site.<\/p>\n<\/li>\n<li data-start=\"4919\" data-end=\"5016\" class=\"\">\n<p data-start=\"4921\" data-end=\"5016\" class=\"\">Surveiller et analyser les tendances d&rsquo;utilisation pour am\u00e9liorer votre exp\u00e9rience sur le site.<\/p>\n<\/li>\n<li data-start=\"5017\" data-end=\"5058\" class=\"\">\n<p data-start=\"5019\" data-end=\"5058\" class=\"\">Vous informer des mises \u00e0 jour du site.<\/p>\n<\/li>\n<li data-start=\"5059\" data-end=\"5121\" class=\"\">\n<p data-start=\"5061\" data-end=\"5121\" class=\"\">Offrir de nouveaux produits, services et\/ou recommandations.<\/p>\n<\/li>\n<li data-start=\"5122\" data-end=\"5184\" class=\"\">\n<p data-start=\"5124\" data-end=\"5184\" class=\"\">Effectuer d&rsquo;autres activit\u00e9s commerciales selon les besoins.<\/p>\n<\/li>\n<li data-start=\"5185\" data-end=\"5292\" class=\"\">\n<p data-start=\"5187\" data-end=\"5292\" class=\"\">Pr\u00e9venir les transactions frauduleuses, surveiller les vols et prot\u00e9ger contre les activit\u00e9s criminelles.<\/p>\n<\/li>\n<li data-start=\"5293\" data-end=\"5335\" class=\"\">\n<p data-start=\"5295\" data-end=\"5335\" class=\"\">Traiter les paiements et remboursements.<\/p>\n<\/li>\n<li data-start=\"5336\" data-end=\"5415\" class=\"\">\n<p data-start=\"5338\" data-end=\"5415\" class=\"\">Demander des retours et vous contacter au sujet de votre utilisation du site.<\/p>\n<\/li>\n<li data-start=\"5416\" data-end=\"5468\" class=\"\">\n<p data-start=\"5418\" data-end=\"5468\" class=\"\">R\u00e9soudre des diff\u00e9rends et r\u00e9soudre des probl\u00e8mes.<\/p>\n<\/li>\n<li data-start=\"5469\" data-end=\"5535\" class=\"\">\n<p data-start=\"5471\" data-end=\"5535\" class=\"\">R\u00e9pondre aux demandes de produits et de services \u00e0 la client\u00e8le.<\/p>\n<\/li>\n<li data-start=\"5536\" data-end=\"5578\" class=\"\">\n<p data-start=\"5538\" data-end=\"5578\" class=\"\">Vous envoyer un bulletin d&rsquo;informations.<\/p>\n<\/li>\n<li data-start=\"5579\" data-end=\"5616\" class=\"\">\n<p data-start=\"5581\" data-end=\"5616\" class=\"\">Solliciter du soutien pour le site.<\/p>\n<\/li>\n<\/ul>\n<p data-start=\"5618\" data-end=\"5815\" class=\"\"><strong data-start=\"5618\" data-end=\"5653\">DIVULGATION DE VOS INFORMATIONS<\/strong><br data-start=\"5653\" data-end=\"5656\" \/>Nous pouvons partager les informations que nous avons collect\u00e9es \u00e0 votre sujet dans certaines situations. Vos informations peuvent \u00eatre divulgu\u00e9es comme suit :<\/p>\n<p data-start=\"5817\" data-end=\"6204\" class=\"\"><strong data-start=\"5817\" data-end=\"5859\">Par la loi ou pour prot\u00e9ger des droits<\/strong><br data-start=\"5859\" data-end=\"5862\" \/>Si nous croyons que la divulgation d&rsquo;informations vous concernant est n\u00e9cessaire pour r\u00e9pondre \u00e0 une proc\u00e9dure l\u00e9gale, enqu\u00eater ou rem\u00e9dier \u00e0 des violations potentielles de nos politiques, ou pour prot\u00e9ger les droits, la propri\u00e9t\u00e9 et la s\u00e9curit\u00e9 d&rsquo;autrui, nous pouvons partager vos informations comme permis ou exig\u00e9 par toute loi applicable.<\/p>\n<p data-start=\"6206\" data-end=\"6503\" class=\"\"><strong data-start=\"6206\" data-end=\"6240\">Prestataires de services tiers<\/strong><br data-start=\"6240\" data-end=\"6243\" \/>Nous pouvons partager vos informations avec des tiers qui fournissent des services pour nous ou en notre nom, y compris le traitement des paiements, l&rsquo;analyse des donn\u00e9es, la livraison des e-mails, l&rsquo;h\u00e9bergement, le service client\u00e8le et l&rsquo;assistance marketing.<\/p>\n<p data-start=\"6505\" data-end=\"6707\" class=\"\"><strong data-start=\"6505\" data-end=\"6532\">Communication marketing<\/strong><br data-start=\"6532\" data-end=\"6535\" \/>Avec votre consentement, ou avec une opportunit\u00e9 de vous d\u00e9sabonner, nous pouvons partager vos informations avec des tiers \u00e0 des fins de marketing, comme permis par la loi.<\/p>\n<p data-start=\"6709\" data-end=\"6913\" class=\"\"><strong data-start=\"6709\" data-end=\"6752\">Interactions avec d&rsquo;autres utilisateurs<\/strong><br data-start=\"6752\" data-end=\"6755\" \/>Si vous interagissez avec d&rsquo;autres utilisateurs du site, ces utilisateurs peuvent voir votre nom, votre photo de profil et des descriptions de votre activit\u00e9.<\/p>\n<p data-start=\"6915\" data-end=\"7170\" class=\"\"><strong data-start=\"6915\" data-end=\"6940\">Publications en ligne<\/strong><br data-start=\"6940\" data-end=\"6943\" \/>Lorsque vous publiez des commentaires, contributions ou autres contenus sur le site, vos publications peuvent \u00eatre vues par tous les utilisateurs et peuvent \u00eatre distribu\u00e9es publiquement en dehors du site de mani\u00e8re permanente.<\/p>\n<p data-start=\"7172\" data-end=\"7675\" class=\"\"><strong data-start=\"7172\" data-end=\"7204\">S\u00e9curit\u00e9 de vos informations<\/strong><br data-start=\"7204\" data-end=\"7207\" \/>Nous utilisons des mesures de s\u00e9curit\u00e9 administratives, techniques et physiques pour prot\u00e9ger vos informations personnelles. Bien que nous ayons pris des mesures raisonnables pour s\u00e9curiser les informations personnelles que vous nous fournissez, veuillez \u00eatre conscient que, malgr\u00e9 nos efforts, aucune mesure de s\u00e9curit\u00e9 n&rsquo;est parfaite ou imp\u00e9n\u00e9trable et aucune m\u00e9thode de transmission des donn\u00e9es ne peut \u00eatre garantie contre toute interception ou autre type d&rsquo;abus.<\/p>\n<p data-start=\"7677\" data-end=\"7824\" class=\"\">Pour plus d&rsquo;informations sur vos droits et la protection de vos donn\u00e9es personnelles, veuillez consulter l&rsquo;int\u00e9gralit\u00e9 de la politique sur le site.<\/p>\n<p>[\/et_pb_text][\/et_pb_column][\/et_pb_row][\/et_pb_section]<\/p>\n","protected":false},"excerpt":{"rendered":"<p>POLITIQUE DE CONFIDENTIALIT\u00c9Politique de confidentialit\u00e9 de WreckMasterDerni\u00e8re mise \u00e0 jour : 02\/03\/2023 INTRODUCTIONWreckMaster (\u00ab nous \u00bb ou \u00ab notre \u00bb) respecte la vie priv\u00e9e de ses utilisateurs (\u00ab utilisateur \u00bb [&hellip;]<\/p>\n","protected":false},"author":3,"featured_media":0,"parent":0,"menu_order":0,"comment_status":"closed","ping_status":"closed","template":"","meta":{"_bbp_topic_count":0,"_bbp_reply_count":0,"_bbp_total_topic_count":0,"_bbp_total_reply_count":0,"_bbp_voice_count":0,"_bbp_anonymous_reply_count":0,"_bbp_topic_count_hidden":0,"_bbp_reply_count_hidden":0,"_bbp_forum_subforum_count":0,"_et_pb_use_builder":"on","_et_pb_old_content":"","_et_gb_content_width":"","_monsterinsights_skip_tracking":false,"_monsterinsights_sitenote_active":false,"_monsterinsights_sitenote_note":"","_monsterinsights_sitenote_category":0,"footnotes":""},"class_list":["post-474472","page","type-page","status-publish","hentry","user-has-not-earned"],"aioseo_notices":[],"yoast_head":"<!-- This site is optimized with the Yoast SEO plugin v24.7 - https:\/\/yoast.com\/wordpress\/plugins\/seo\/ -->\n<title>Privacy Policy-French - Tow Truck Driver Training<\/title>\n<meta name=\"robots\" content=\"index, follow, max-snippet:-1, max-image-preview:large, max-video-preview:-1\" \/>\n<link rel=\"canonical\" href=\"https:\/\/towtruckdrivertraining-tt.tangiblelaunchpad.com\/fr\/politique-de-confidentialite\/\" \/>\n<meta property=\"og:locale\" content=\"fr_FR\" \/>\n<meta property=\"og:type\" content=\"article\" \/>\n<meta property=\"og:title\" content=\"Privacy Policy-French - Tow Truck Driver Training\" \/>\n<meta property=\"og:description\" content=\"POLITIQUE DE CONFIDENTIALIT\u00c9Politique de confidentialit\u00e9 de WreckMasterDerni\u00e8re mise \u00e0 jour : 02\/03\/2023 INTRODUCTIONWreckMaster (\u00ab nous \u00bb ou \u00ab notre \u00bb) respecte la vie priv\u00e9e de ses utilisateurs (\u00ab utilisateur \u00bb [&hellip;]\" \/>\n<meta property=\"og:url\" content=\"https:\/\/towtruckdrivertraining-tt.tangiblelaunchpad.com\/fr\/politique-de-confidentialite\/\" \/>\n<meta property=\"og:site_name\" content=\"Tow Truck Driver Training\" \/>\n<meta property=\"article:modified_time\" content=\"2025-05-07T04:05:07+00:00\" \/>\n<meta name=\"twitter:card\" content=\"summary_large_image\" \/>\n<meta name=\"twitter:label1\" content=\"Dur\u00e9e de lecture estim\u00e9e\" \/>\n\t<meta name=\"twitter:data1\" content=\"5 minutes\" \/>\n<script type=\"application\/ld+json\" class=\"yoast-schema-graph\">{\"@context\":\"https:\/\/schema.org\",\"@graph\":[{\"@type\":\"WebPage\",\"@id\":\"https:\/\/towtruckdrivertraining-tt.tangiblelaunchpad.com\/fr\/politique-de-confidentialite\/\",\"url\":\"https:\/\/towtruckdrivertraining-tt.tangiblelaunchpad.com\/fr\/politique-de-confidentialite\/\",\"name\":\"Privacy Policy-French - Tow Truck Driver Training\",\"isPartOf\":{\"@id\":\"https:\/\/towtruckdrivertraining-tt.tangiblelaunchpad.com\/#website\"},\"datePublished\":\"2025-05-01T19:03:35+00:00\",\"dateModified\":\"2025-05-07T04:05:07+00:00\",\"breadcrumb\":{\"@id\":\"https:\/\/towtruckdrivertraining-tt.tangiblelaunchpad.com\/fr\/politique-de-confidentialite\/#breadcrumb\"},\"inLanguage\":\"fr-FR\",\"potentialAction\":[{\"@type\":\"ReadAction\",\"target\":[\"https:\/\/towtruckdrivertraining-tt.tangiblelaunchpad.com\/fr\/politique-de-confidentialite\/\"]}]},{\"@type\":\"BreadcrumbList\",\"@id\":\"https:\/\/towtruckdrivertraining-tt.tangiblelaunchpad.com\/fr\/politique-de-confidentialite\/#breadcrumb\",\"itemListElement\":[{\"@type\":\"ListItem\",\"position\":1,\"name\":\"Home\",\"item\":\"https:\/\/towtruckdrivertraining-tt.tangiblelaunchpad.com\/\"},{\"@type\":\"ListItem\",\"position\":2,\"name\":\"Privacy Policy-French\"}]},{\"@type\":\"WebSite\",\"@id\":\"https:\/\/towtruckdrivertraining-tt.tangiblelaunchpad.com\/#website\",\"url\":\"https:\/\/towtruckdrivertraining-tt.tangiblelaunchpad.com\/\",\"name\":\"Tow Truck Driver Training\",\"description\":\"Dedicated to the Professional Development of Tow Owners and Operators\",\"potentialAction\":[{\"@type\":\"SearchAction\",\"target\":{\"@type\":\"EntryPoint\",\"urlTemplate\":\"https:\/\/towtruckdrivertraining-tt.tangiblelaunchpad.com\/?s={search_term_string}\"},\"query-input\":{\"@type\":\"PropertyValueSpecification\",\"valueRequired\":true,\"valueName\":\"search_term_string\"}}],\"inLanguage\":\"fr-FR\"}]}<\/script>\n<!-- \/ Yoast SEO plugin. -->","yoast_head_json":{"title":"Privacy Policy-French - Tow Truck Driver Training","robots":{"index":"index","follow":"follow","max-snippet":"max-snippet:-1","max-image-preview":"max-image-preview:large","max-video-preview":"max-video-preview:-1"},"canonical":"https:\/\/towtruckdrivertraining-tt.tangiblelaunchpad.com\/fr\/politique-de-confidentialite\/","og_locale":"fr_FR","og_type":"article","og_title":"Privacy Policy-French - Tow Truck Driver Training","og_description":"POLITIQUE DE CONFIDENTIALIT\u00c9Politique de confidentialit\u00e9 de WreckMasterDerni\u00e8re mise \u00e0 jour : 02\/03\/2023 INTRODUCTIONWreckMaster (\u00ab nous \u00bb ou \u00ab notre \u00bb) respecte la vie priv\u00e9e de ses utilisateurs (\u00ab utilisateur \u00bb [&hellip;]","og_url":"https:\/\/towtruckdrivertraining-tt.tangiblelaunchpad.com\/fr\/politique-de-confidentialite\/","og_site_name":"Tow Truck Driver Training","article_modified_time":"2025-05-07T04:05:07+00:00","twitter_card":"summary_large_image","twitter_misc":{"Dur\u00e9e de lecture estim\u00e9e":"5 minutes"},"schema":{"@context":"https:\/\/schema.org","@graph":[{"@type":"WebPage","@id":"https:\/\/towtruckdrivertraining-tt.tangiblelaunchpad.com\/fr\/politique-de-confidentialite\/","url":"https:\/\/towtruckdrivertraining-tt.tangiblelaunchpad.com\/fr\/politique-de-confidentialite\/","name":"Privacy Policy-French - Tow Truck Driver Training","isPartOf":{"@id":"https:\/\/towtruckdrivertraining-tt.tangiblelaunchpad.com\/#website"},"datePublished":"2025-05-01T19:03:35+00:00","dateModified":"2025-05-07T04:05:07+00:00","breadcrumb":{"@id":"https:\/\/towtruckdrivertraining-tt.tangiblelaunchpad.com\/fr\/politique-de-confidentialite\/#breadcrumb"},"inLanguage":"fr-FR","potentialAction":[{"@type":"ReadAction","target":["https:\/\/towtruckdrivertraining-tt.tangiblelaunchpad.com\/fr\/politique-de-confidentialite\/"]}]},{"@type":"BreadcrumbList","@id":"https:\/\/towtruckdrivertraining-tt.tangiblelaunchpad.com\/fr\/politique-de-confidentialite\/#breadcrumb","itemListElement":[{"@type":"ListItem","position":1,"name":"Home","item":"https:\/\/towtruckdrivertraining-tt.tangiblelaunchpad.com\/"},{"@type":"ListItem","position":2,"name":"Privacy Policy-French"}]},{"@type":"WebSite","@id":"https:\/\/towtruckdrivertraining-tt.tangiblelaunchpad.com\/#website","url":"https:\/\/towtruckdrivertraining-tt.tangiblelaunchpad.com\/","name":"Tow Truck Driver Training","description":"Dedicated to the Professional Development of Tow Owners and Operators","potentialAction":[{"@type":"SearchAction","target":{"@type":"EntryPoint","urlTemplate":"https:\/\/towtruckdrivertraining-tt.tangiblelaunchpad.com\/?s={search_term_string}"},"query-input":{"@type":"PropertyValueSpecification","valueRequired":true,"valueName":"search_term_string"}}],"inLanguage":"fr-FR"}]}},"_links":{"self":[{"href":"https:\/\/towtruckdrivertraining-tt.tangiblelaunchpad.com\/fr\/wp-json\/wp\/v2\/pages\/474472","targetHints":{"allow":["GET"]}}],"collection":[{"href":"https:\/\/towtruckdrivertraining-tt.tangiblelaunchpad.com\/fr\/wp-json\/wp\/v2\/pages"}],"about":[{"href":"https:\/\/towtruckdrivertraining-tt.tangiblelaunchpad.com\/fr\/wp-json\/wp\/v2\/types\/page"}],"author":[{"embeddable":true,"href":"https:\/\/towtruckdrivertraining-tt.tangiblelaunchpad.com\/fr\/wp-json\/wp\/v2\/users\/3"}],"replies":[{"embeddable":true,"href":"https:\/\/towtruckdrivertraining-tt.tangiblelaunchpad.com\/fr\/wp-json\/wp\/v2\/comments?post=474472"}],"version-history":[{"count":4,"href":"https:\/\/towtruckdrivertraining-tt.tangiblelaunchpad.com\/fr\/wp-json\/wp\/v2\/pages\/474472\/revisions"}],"predecessor-version":[{"id":474834,"href":"https:\/\/towtruckdrivertraining-tt.tangiblelaunchpad.com\/fr\/wp-json\/wp\/v2\/pages\/474472\/revisions\/474834"}],"wp:attachment":[{"href":"https:\/\/towtruckdrivertraining-tt.tangiblelaunchpad.com\/fr\/wp-json\/wp\/v2\/media?parent=474472"}],"curies":[{"name":"wp","href":"https:\/\/api.w.org\/{rel}","templated":true}]}}