{"id":474336,"date":"2025-04-03T10:55:23","date_gmt":"2025-04-03T14:55:23","guid":{"rendered":"https:\/\/towtruckdrivertraining-tt.tangiblelaunchpad.com\/?page_id=474336"},"modified":"2025-06-02T04:04:58","modified_gmt":"2025-06-02T08:04:58","slug":"adpq-french","status":"publish","type":"page","link":"https:\/\/towtruckdrivertraining-tt.tangiblelaunchpad.com\/fr\/adpq-french\/","title":{"rendered":"ADPQ-French"},"content":{"rendered":"<p>[et_pb_section fb_built=\u00a0\u00bb1&Prime; _builder_version=\u00a0\u00bb4.23.3&Prime; _module_preset=\u00a0\u00bbdefault\u00a0\u00bb background_color=\u00a0\u00bb#c74f0a\u00a0\u00bb custom_margin=\u00a0\u00bb0px||0px||false|false\u00a0\u00bb custom_padding=\u00a0\u00bb10px||10px||false|false\u00a0\u00bb sticky_position=\u00a0\u00bbtop\u00a0\u00bb da_disable_devices=\u00a0\u00bboff|off|off\u00a0\u00bb saved_tabs=\u00a0\u00bball\u00a0\u00bb global_colors_info=\u00a0\u00bb{}\u00a0\u00bb da_is_popup=\u00a0\u00bboff\u00a0\u00bb da_exit_intent=\u00a0\u00bboff\u00a0\u00bb da_has_close=\u00a0\u00bbon\u00a0\u00bb da_alt_close=\u00a0\u00bboff\u00a0\u00bb da_dark_close=\u00a0\u00bboff\u00a0\u00bb da_not_modal=\u00a0\u00bbon\u00a0\u00bb da_is_singular=\u00a0\u00bboff\u00a0\u00bb da_with_loader=\u00a0\u00bboff\u00a0\u00bb da_has_shadow=\u00a0\u00bbon\u00a0\u00bb][et_pb_row column_structure=\u00a0\u00bb1_2,1_2&Prime; custom_padding_last_edited=\u00a0\u00bbon|desktop\u00a0\u00bb module_class=\u00a0\u00bbtwo-col-mob two-col-tab\u00a0\u00bb _builder_version=\u00a0\u00bb4.27.4&Prime; _module_preset=\u00a0\u00bbdefault\u00a0\u00bb width=\u00a0\u00bb100%\u00a0\u00bb max_width=\u00a0\u00bb1950px\u00a0\u00bb custom_margin=\u00a0\u00bb0px||0px||false|false\u00a0\u00bb custom_margin_tablet=\u00a0\u00bb\u00a0\u00bb custom_margin_phone=\u00a0\u00bb\u00a0\u00bb custom_margin_last_edited=\u00a0\u00bbon|tablet\u00a0\u00bb custom_padding=\u00a0\u00bb2px|16px|2px|30px|false|false\u00a0\u00bb custom_padding_tablet=\u00a0\u00bb|10px||20px|false|false\u00a0\u00bb custom_padding_phone=\u00a0\u00bb|5px||20px|false|false\u00a0\u00bb global_colors_info=\u00a0\u00bb{}\u00a0\u00bb][et_pb_column type=\u00a0\u00bb1_2&Prime; _builder_version=\u00a0\u00bb4.27.4&Prime; _module_preset=\u00a0\u00bbdefault\u00a0\u00bb global_colors_info=\u00a0\u00bb{}\u00a0\u00bb][et_pb_image src=\u00a0\u00bbhttps:\/\/towtruckdrivertraining-tt.tangiblelaunchpad.com\/wp-content\/uploads\/2024\/03\/MENU-HEADER-powered-by-WM.png\u00a0\u00bb title_text=\u00a0\u00bbMENU HEADER-powered by WM\u00a0\u00bb url=\u00a0\u00bbhttps:\/\/towtruckdrivertraining-tt.tangiblelaunchpad.com\/\u00a0\u00bb align_tablet=\u00a0\u00bbleft\u00a0\u00bb align_phone=\u00a0\u00bbleft\u00a0\u00bb align_last_edited=\u00a0\u00bbon|desktop\u00a0\u00bb _builder_version=\u00a0\u00bb4.25.1&Prime; _module_preset=\u00a0\u00bbdefault\u00a0\u00bb width=\u00a0\u00bb33%\u00a0\u00bb width_tablet=\u00a0\u00bb60%\u00a0\u00bb width_phone=\u00a0\u00bb100%\u00a0\u00bb width_last_edited=\u00a0\u00bbon|tablet\u00a0\u00bb global_colors_info=\u00a0\u00bb{}\u00a0\u00bb][\/et_pb_image][\/et_pb_column][et_pb_column type=\u00a0\u00bb1_2&Prime; _builder_version=\u00a0\u00bb4.27.4&Prime; _module_preset=\u00a0\u00bbdefault\u00a0\u00bb custom_css_free_form=\u00a0\u00bbselector{||  display: flex;||  justify-content: flex-end;||  align-items: center;||  gap: 1rem;||}\u00a0\u00bb global_colors_info=\u00a0\u00bb{}\u00a0\u00bb][et_pb_menu menu_id=\u00a0\u00bb568&Prime; menu_style=\u00a0\u00bbcentered\u00a0\u00bb active_link_color=\u00a0\u00bb#FFFFFF\u00a0\u00bb dropdown_menu_bg_color=\u00a0\u00bb#C74F0A\u00a0\u00bb dropdown_menu_line_color=\u00a0\u00bb#C74F0A\u00a0\u00bb dropdown_menu_text_color=\u00a0\u00bb#FFFFFF\u00a0\u00bb dropdown_menu_active_link_color=\u00a0\u00bb#FFFFFF\u00a0\u00bb mobile_menu_bg_color=\u00a0\u00bb#C74F0A\u00a0\u00bb mobile_menu_text_color=\u00a0\u00bb#FFFFFF\u00a0\u00bb show_cart_icon=\u00a0\u00bbon\u00a0\u00bb cart_icon_color=\u00a0\u00bb#FFFFFF\u00a0\u00bb menu_icon_color=\u00a0\u00bb#FFFFFF\u00a0\u00bb _builder_version=\u00a0\u00bb4.27.4&Prime; _module_preset=\u00a0\u00bbdefault\u00a0\u00bb menu_font=\u00a0\u00bbKanit|600|||||||\u00a0\u00bb menu_text_color=\u00a0\u00bb#FFFFFF\u00a0\u00bb menu_font_size=\u00a0\u00bb16px\u00a0\u00bb background_color=\u00a0\u00bb#c74f0a\u00a0\u00bb custom_margin=\u00a0\u00bb|0px|0px||false|false\u00a0\u00bb custom_margin_tablet=\u00a0\u00bb|-150px|0px||false|false\u00a0\u00bb custom_margin_phone=\u00a0\u00bb|-20px|0px||false|false\u00a0\u00bb custom_margin_last_edited=\u00a0\u00bbon|desktop\u00a0\u00bb custom_padding=\u00a0\u00bb12px||||false|false\u00a0\u00bb custom_padding_tablet=\u00a0\u00bb8px||||false|false\u00a0\u00bb custom_padding_phone=\u00a0\u00bb3px||||false|false\u00a0\u00bb custom_padding_last_edited=\u00a0\u00bbon|tablet\u00a0\u00bb global_colors_info=\u00a0\u00bb{}\u00a0\u00bb][\/et_pb_menu][et_pb_text _builder_version=\u00a0\u00bb4.27.4&Prime; _module_preset=\u00a0\u00bbdefault\u00a0\u00bb text_font=\u00a0\u00bbKanit|600|||||||\u00a0\u00bb custom_padding=\u00a0\u00bb12px||||false|false\u00a0\u00bb custom_css_free_form=\u00a0\u00bbselector p:first-child,||selector p:last-child{||  margin: 0;||}||||selector .wpml-ls{||  padding: 0;||}||||selector .wpml-ls ul{||  padding: 0;||}\u00a0\u00bb global_colors_info=\u00a0\u00bb{}\u00a0\u00bb]<\/p>\n\n<div class=\"wpml-ls-statics-shortcode_actions wpml-ls wpml-ls-legacy-list-horizontal\">\n\t<ul><li class=\"wpml-ls-slot-shortcode_actions wpml-ls-item wpml-ls-item-en wpml-ls-first-item wpml-ls-item-legacy-list-horizontal\">\n\t\t\t\t<a href=\"https:\/\/towtruckdrivertraining-tt.tangiblelaunchpad.com\/\" class=\"wpml-ls-link\">\n                                            <img decoding=\"async\"\n            class=\"wpml-ls-flag\"\n            src=\"https:\/\/towtruckdrivertraining-tt.tangiblelaunchpad.com\/wp-content\/plugins\/sitepress-multilingual-cms\/res\/flags\/en.svg\"\n            alt=\"\"\n            width=20\n            \n    \/><span class=\"wpml-ls-native\" lang=\"en\">English<\/span><\/a>\n\t\t\t<\/li><li class=\"wpml-ls-slot-shortcode_actions wpml-ls-item wpml-ls-item-fr wpml-ls-current-language wpml-ls-last-item wpml-ls-item-legacy-list-horizontal\">\n\t\t\t\t<a href=\"https:\/\/towtruckdrivertraining-tt.tangiblelaunchpad.com\/fr\/\" class=\"wpml-ls-link\">\n                                            <img decoding=\"async\"\n            class=\"wpml-ls-flag\"\n            src=\"https:\/\/towtruckdrivertraining-tt.tangiblelaunchpad.com\/wp-content\/plugins\/sitepress-multilingual-cms\/res\/flags\/fr.svg\"\n            alt=\"\"\n            width=20\n            \n    \/><span class=\"wpml-ls-native\">Fran\u00e7ais<\/span><\/a>\n\t\t\t<\/li><\/ul>\n<\/div>\n\n<p>[\/et_pb_text][\/et_pb_column][\/et_pb_row][\/et_pb_section][et_pb_section fb_built=\u00a0\u00bb1&Prime; custom_padding_last_edited=\u00a0\u00bbon|tablet\u00a0\u00bb _builder_version=\u00a0\u00bb4.27.4&Prime; _module_preset=\u00a0\u00bbdefault\u00a0\u00bb custom_margin=\u00a0\u00bb40px||||false|false\u00a0\u00bb custom_padding=\u00a0\u00bb100px||||false|false\u00a0\u00bb custom_padding_tablet=\u00a0\u00bb0px||||false|false\u00a0\u00bb custom_padding_phone=\u00a0\u00bb0px||||false|false\u00a0\u00bb da_disable_devices=\u00a0\u00bboff|off|off\u00a0\u00bb global_colors_info=\u00a0\u00bb{}\u00a0\u00bb da_is_popup=\u00a0\u00bboff\u00a0\u00bb da_exit_intent=\u00a0\u00bboff\u00a0\u00bb da_has_close=\u00a0\u00bbon\u00a0\u00bb da_alt_close=\u00a0\u00bboff\u00a0\u00bb da_dark_close=\u00a0\u00bboff\u00a0\u00bb da_not_modal=\u00a0\u00bbon\u00a0\u00bb da_is_singular=\u00a0\u00bboff\u00a0\u00bb da_with_loader=\u00a0\u00bboff\u00a0\u00bb da_has_shadow=\u00a0\u00bbon\u00a0\u00bb][et_pb_row _builder_version=\u00a0\u00bb4.27.4&Prime; _module_preset=\u00a0\u00bbdefault\u00a0\u00bb global_colors_info=\u00a0\u00bb{}\u00a0\u00bb][et_pb_column type=\u00a0\u00bb4_4&Prime; _builder_version=\u00a0\u00bb4.27.4&Prime; _module_preset=\u00a0\u00bbdefault\u00a0\u00bb global_colors_info=\u00a0\u00bb{}\u00a0\u00bb][et_pb_image src=\u00a0\u00bbhttps:\/\/towtruckdrivertraining-tt.tangiblelaunchpad.com\/wp-content\/uploads\/2025\/04\/apdq-w-text.png\u00a0\u00bb title_text=\u00a0\u00bbapdq w text\u00a0\u00bb align=\u00a0\u00bbcenter\u00a0\u00bb _builder_version=\u00a0\u00bb4.27.4&Prime; _module_preset=\u00a0\u00bbdefault\u00a0\u00bb global_colors_info=\u00a0\u00bb{}\u00a0\u00bb][\/et_pb_image][et_pb_text _builder_version=\u00a0\u00bb4.27.4&Prime; _module_preset=\u00a0\u00bbdefault\u00a0\u00bb custom_margin=\u00a0\u00bb40px||||false|false\u00a0\u00bb global_colors_info=\u00a0\u00bb{}\u00a0\u00bb]<\/p>\n<p style=\"text-align: center;\">Si vous avez d\u00e9j\u00e0 suivi une formation de l\u2019A.D.P.Q., veuillez suivre les \u00e9tapes ci-dessous pour enregistrer votre formation \u00e9quivalente.<\/p>\n<p>[\/et_pb_text][\/et_pb_column][\/et_pb_row][et_pb_row column_structure=\u00a0\u00bb1_4,3_4&Prime; custom_padding_last_edited=\u00a0\u00bbon|desktop\u00a0\u00bb _builder_version=\u00a0\u00bb4.27.4&Prime; _module_preset=\u00a0\u00bbdefault\u00a0\u00bb custom_margin=\u00a0\u00bb20px||||false|false\u00a0\u00bb custom_margin_tablet=\u00a0\u00bb20px||||false|false\u00a0\u00bb custom_margin_phone=\u00a0\u00bb20px||||false|false\u00a0\u00bb custom_margin_last_edited=\u00a0\u00bbon|desktop\u00a0\u00bb custom_padding=\u00a0\u00bb|40px||40px|false|false\u00a0\u00bb custom_padding_tablet=\u00a0\u00bb|40px||40px|false|false\u00a0\u00bb custom_padding_phone=\u00a0\u00bb|40px||40px|false|false\u00a0\u00bb border_radii=\u00a0\u00bbon|125px|125px|125px|125px\u00a0\u00bb border_width_all=\u00a0\u00bb1px\u00a0\u00bb border_color_all=\u00a0\u00bb#575757&Prime; border_radii_tablet=\u00a0\u00bbon|50px|50px|50px|50px\u00a0\u00bb border_radii_phone=\u00a0\u00bbon|25px|25px|25px|25px\u00a0\u00bb border_radii_last_edited=\u00a0\u00bbon|tablet\u00a0\u00bb global_colors_info=\u00a0\u00bb{}\u00a0\u00bb][et_pb_column type=\u00a0\u00bb1_4&Prime; _builder_version=\u00a0\u00bb4.27.4&Prime; _module_preset=\u00a0\u00bbdefault\u00a0\u00bb global_colors_info=\u00a0\u00bb{}\u00a0\u00bb][et_pb_image src=\u00a0\u00bbhttps:\/\/towtruckdrivertraining-tt.tangiblelaunchpad.com\/wp-content\/uploads\/2025\/04\/profileicon.png\u00a0\u00bb title_text=\u00a0\u00bbprofileicon\u00a0\u00bb align=\u00a0\u00bbcenter\u00a0\u00bb _builder_version=\u00a0\u00bb4.27.4&Prime; _module_preset=\u00a0\u00bbdefault\u00a0\u00bb width=\u00a0\u00bb50%\u00a0\u00bb width_tablet=\u00a0\u00bb30%\u00a0\u00bb width_phone=\u00a0\u00bb30%\u00a0\u00bb width_last_edited=\u00a0\u00bbon|phone\u00a0\u00bb global_colors_info=\u00a0\u00bb{}\u00a0\u00bb][\/et_pb_image][\/et_pb_column][et_pb_column type=\u00a0\u00bb3_4&Prime; _builder_version=\u00a0\u00bb4.27.4&Prime; _module_preset=\u00a0\u00bbdefault\u00a0\u00bb global_colors_info=\u00a0\u00bb{}\u00a0\u00bb][et_pb_text _builder_version=\u00a0\u00bb4.27.4&Prime; _module_preset=\u00a0\u00bbdefault\u00a0\u00bb text_font=\u00a0\u00bb&#8211;et_global_heading_font|700|||||||\u00a0\u00bb text_text_color=\u00a0\u00bb#C74F0A\u00a0\u00bb text_font_size=\u00a0\u00bb36px\u00a0\u00bb module_alignment=\u00a0\u00bbleft\u00a0\u00bb custom_margin=\u00a0\u00bb||0px||false|false\u00a0\u00bb custom_padding=\u00a0\u00bb||0px||false|false\u00a0\u00bb header_text_align_tablet=\u00a0\u00bbcenter\u00a0\u00bb header_text_align_phone=\u00a0\u00bbcenter\u00a0\u00bb header_text_align_last_edited=\u00a0\u00bbon|tablet\u00a0\u00bb text_orientation_tablet=\u00a0\u00bbcenter\u00a0\u00bb text_orientation_phone=\u00a0\u00bb\u00a0\u00bb text_orientation_last_edited=\u00a0\u00bbon|phone\u00a0\u00bb module_alignment_tablet=\u00a0\u00bbcenter\u00a0\u00bb module_alignment_phone=\u00a0\u00bbcenter\u00a0\u00bb module_alignment_last_edited=\u00a0\u00bbon|phone\u00a0\u00bb global_colors_info=\u00a0\u00bb{}\u00a0\u00bb]<\/p>\n<p style=\"text-align: left;\">\u00c9TAPE 1<\/p>\n<p>[\/et_pb_text][et_pb_text _builder_version=\u00a0\u00bb4.27.4&Prime; _module_preset=\u00a0\u00bbdefault\u00a0\u00bb custom_margin=\u00a0\u00bb20px||||false|false\u00a0\u00bb text_orientation_tablet=\u00a0\u00bbcenter\u00a0\u00bb text_orientation_phone=\u00a0\u00bbcenter\u00a0\u00bb text_orientation_last_edited=\u00a0\u00bbon|phone\u00a0\u00bb global_colors_info=\u00a0\u00bb{}\u00a0\u00bb]<\/p>\n<p style=\"text-align: left;\">Connectez-vous \u00e0 votre compte de formation pour conducteur de d\u00e9panneuse. Si vous n\u2019avez pas de compte, vous devrez en cr\u00e9er un.<\/p>\n<p>[\/et_pb_text][et_pb_text _builder_version=\u00a0\u00bb4.27.4&Prime; _module_preset=\u00a0\u00bbdefault\u00a0\u00bb text_text_color=\u00a0\u00bb#C74F0A\u00a0\u00bb custom_margin=\u00a0\u00bb20px||||false|false\u00a0\u00bb link_option_url=\u00a0\u00bbhttps:\/\/towtruckdrivertraining-tt.tangiblelaunchpad.com\/wp-login.php\u00a0\u00bb link_option_url_new_window=\u00a0\u00bbon\u00a0\u00bb text_orientation_tablet=\u00a0\u00bbcenter\u00a0\u00bb text_orientation_phone=\u00a0\u00bbcenter\u00a0\u00bb text_orientation_last_edited=\u00a0\u00bbon|phone\u00a0\u00bb global_colors_info=\u00a0\u00bb{}\u00a0\u00bb]<\/p>\n<p style=\"text-align: left;\"><strong>CLIQUEZ ICI pour vous connecter ou cr\u00e9er un compte.<\/strong><\/p>\n<p>[\/et_pb_text][\/et_pb_column][\/et_pb_row][et_pb_row column_structure=\u00a0\u00bb1_4,3_4&Prime; custom_padding_last_edited=\u00a0\u00bbon|desktop\u00a0\u00bb _builder_version=\u00a0\u00bb4.27.4&Prime; _module_preset=\u00a0\u00bbdefault\u00a0\u00bb custom_margin=\u00a0\u00bb40px||200px||false|false\u00a0\u00bb custom_margin_tablet=\u00a0\u00bb40px||200px||false|false\u00a0\u00bb custom_margin_phone=\u00a0\u00bb40px||200px||false|false\u00a0\u00bb custom_margin_last_edited=\u00a0\u00bbon|desktop\u00a0\u00bb custom_padding=\u00a0\u00bb|40px||40px|false|false\u00a0\u00bb custom_padding_tablet=\u00a0\u00bb|40px||40px|false|false\u00a0\u00bb custom_padding_phone=\u00a0\u00bb|40px||40px|false|false\u00a0\u00bb border_radii=\u00a0\u00bbon|125px|125px|125px|125px\u00a0\u00bb border_width_all=\u00a0\u00bb1px\u00a0\u00bb border_color_all=\u00a0\u00bb#575757&Prime; border_radii_tablet=\u00a0\u00bbon|50px|50px|50px|50px\u00a0\u00bb border_radii_phone=\u00a0\u00bbon|25px|25px|25px|25px\u00a0\u00bb border_radii_last_edited=\u00a0\u00bbon|tablet\u00a0\u00bb global_colors_info=\u00a0\u00bb{}\u00a0\u00bb][et_pb_column type=\u00a0\u00bb1_4&Prime; _builder_version=\u00a0\u00bb4.27.4&Prime; _module_preset=\u00a0\u00bbdefault\u00a0\u00bb global_colors_info=\u00a0\u00bb{}\u00a0\u00bb][et_pb_image src=\u00a0\u00bbhttps:\/\/towtruckdrivertraining-tt.tangiblelaunchpad.com\/wp-content\/uploads\/2025\/04\/form-icon.png\u00a0\u00bb title_text=\u00a0\u00bbform icon\u00a0\u00bb align=\u00a0\u00bbcenter\u00a0\u00bb _builder_version=\u00a0\u00bb4.27.4&Prime; _module_preset=\u00a0\u00bbdefault\u00a0\u00bb width=\u00a0\u00bb50%\u00a0\u00bb width_tablet=\u00a0\u00bb30%\u00a0\u00bb width_phone=\u00a0\u00bb30%\u00a0\u00bb width_last_edited=\u00a0\u00bbon|phone\u00a0\u00bb global_colors_info=\u00a0\u00bb{}\u00a0\u00bb][\/et_pb_image][\/et_pb_column][et_pb_column type=\u00a0\u00bb3_4&Prime; _builder_version=\u00a0\u00bb4.27.4&Prime; _module_preset=\u00a0\u00bbdefault\u00a0\u00bb global_colors_info=\u00a0\u00bb{}\u00a0\u00bb][et_pb_text _builder_version=\u00a0\u00bb4.27.4&Prime; _module_preset=\u00a0\u00bbdefault\u00a0\u00bb text_font=\u00a0\u00bb&#8211;et_global_heading_font|700|||||||\u00a0\u00bb text_text_color=\u00a0\u00bb#C74F0A\u00a0\u00bb text_font_size=\u00a0\u00bb36px\u00a0\u00bb module_alignment=\u00a0\u00bbleft\u00a0\u00bb custom_margin=\u00a0\u00bb||0px||false|false\u00a0\u00bb custom_padding=\u00a0\u00bb||0px||false|false\u00a0\u00bb header_text_align_tablet=\u00a0\u00bbcenter\u00a0\u00bb header_text_align_phone=\u00a0\u00bbcenter\u00a0\u00bb header_text_align_last_edited=\u00a0\u00bbon|tablet\u00a0\u00bb text_orientation_tablet=\u00a0\u00bbcenter\u00a0\u00bb text_orientation_phone=\u00a0\u00bb\u00a0\u00bb text_orientation_last_edited=\u00a0\u00bbon|phone\u00a0\u00bb module_alignment_tablet=\u00a0\u00bbcenter\u00a0\u00bb module_alignment_phone=\u00a0\u00bbcenter\u00a0\u00bb module_alignment_last_edited=\u00a0\u00bbon|phone\u00a0\u00bb global_colors_info=\u00a0\u00bb{}\u00a0\u00bb]<\/p>\n<p style=\"text-align: left;\">\u00c9TAPE 2<\/p>\n<p>[\/et_pb_text][et_pb_text _builder_version=\u00a0\u00bb4.27.4&Prime; _module_preset=\u00a0\u00bbdefault\u00a0\u00bb custom_margin=\u00a0\u00bb20px||||false|false\u00a0\u00bb text_orientation_tablet=\u00a0\u00bbcenter\u00a0\u00bb text_orientation_phone=\u00a0\u00bbcenter\u00a0\u00bb text_orientation_last_edited=\u00a0\u00bbon|phone\u00a0\u00bb global_colors_info=\u00a0\u00bb{}\u00a0\u00bb]<\/p>\n<p style=\"text-align: left;\">Remplissez le formulaire avec les renseignements concernant votre formation de l\u2019A.D.P.Q.<\/p>\n<p>[\/et_pb_text][et_pb_text _builder_version=\u00a0\u00bb4.27.4&Prime; _module_preset=\u00a0\u00bbdefault\u00a0\u00bb text_text_color=\u00a0\u00bb#C74F0A\u00a0\u00bb custom_margin=\u00a0\u00bb20px||||false|false\u00a0\u00bb link_option_url=\u00a0\u00bbhttps:\/\/towtruckdrivertraining-tt.tangiblelaunchpad.com\/fr\/apdq-registration-french\/\u00a0\u00bb link_option_url_new_window=\u00a0\u00bbon\u00a0\u00bb hover_enabled=\u00a0\u00bb0&Prime; text_orientation_tablet=\u00a0\u00bbcenter\u00a0\u00bb text_orientation_phone=\u00a0\u00bbcenter\u00a0\u00bb text_orientation_last_edited=\u00a0\u00bbon|phone\u00a0\u00bb global_colors_info=\u00a0\u00bb{}\u00a0\u00bb sticky_enabled=\u00a0\u00bb0&Prime;]<\/p>\n<p style=\"text-align: left;\"><strong>CLIQUEZ ICI pour remplir le formulaire.<\/strong><\/p>\n<p>[\/et_pb_text][\/et_pb_column][\/et_pb_row][\/et_pb_section]<\/p>\n","protected":false},"excerpt":{"rendered":"<p>\n<div class=\"wpml-ls-statics-shortcode_actions wpml-ls wpml-ls-legacy-list-horizontal\">\n\t<ul><li class=\"wpml-ls-slot-shortcode_actions wpml-ls-item wpml-ls-item-en wpml-ls-first-item wpml-ls-item-legacy-list-horizontal\">\n\t\t\t\t<a href=\"https:\/\/towtruckdrivertraining-tt.tangiblelaunchpad.com\/\" class=\"wpml-ls-link\">\n                                            <img decoding=\"async\"\n            class=\"wpml-ls-flag\"\n            src=\"https:\/\/towtruckdrivertraining-tt.tangiblelaunchpad.com\/wp-content\/plugins\/sitepress-multilingual-cms\/res\/flags\/en.svg\"\n            alt=\"\"\n            width=20\n            \n    \/><span class=\"wpml-ls-native\" lang=\"en\">English<\/span><\/a>\n\t\t\t<\/li><li class=\"wpml-ls-slot-shortcode_actions wpml-ls-item wpml-ls-item-fr wpml-ls-current-language wpml-ls-last-item wpml-ls-item-legacy-list-horizontal\">\n\t\t\t\t<a href=\"https:\/\/towtruckdrivertraining-tt.tangiblelaunchpad.com\/fr\/\" class=\"wpml-ls-link\">\n                                            <img decoding=\"async\"\n            class=\"wpml-ls-flag\"\n            src=\"https:\/\/towtruckdrivertraining-tt.tangiblelaunchpad.com\/wp-content\/plugins\/sitepress-multilingual-cms\/res\/flags\/fr.svg\"\n            alt=\"\"\n            width=20\n            \n    \/><span class=\"wpml-ls-native\">Fran\u00e7ais<\/span><\/a>\n\t\t\t<\/li><\/ul>\n<\/div>\nSi vous avez d\u00e9j\u00e0 suivi une formation de l\u2019A.D.P.Q., veuillez suivre les \u00e9tapes ci-dessous pour enregistrer votre formation \u00e9quivalente.\u00c9TAPE 1Connectez-vous \u00e0 votre compte de formation pour conducteur de d\u00e9panneuse. Si [&hellip;]<\/p>\n","protected":false},"author":3,"featured_media":0,"parent":0,"menu_order":0,"comment_status":"closed","ping_status":"closed","template":"","meta":{"_bbp_topic_count":0,"_bbp_reply_count":0,"_bbp_total_topic_count":0,"_bbp_total_reply_count":0,"_bbp_voice_count":0,"_bbp_anonymous_reply_count":0,"_bbp_topic_count_hidden":0,"_bbp_reply_count_hidden":0,"_bbp_forum_subforum_count":0,"_et_pb_use_builder":"on","_et_pb_old_content":"","_et_gb_content_width":"","_monsterinsights_skip_tracking":false,"_monsterinsights_sitenote_active":false,"_monsterinsights_sitenote_note":"","_monsterinsights_sitenote_category":0,"footnotes":""},"class_list":["post-474336","page","type-page","status-publish","hentry","user-has-not-earned"],"aioseo_notices":[],"yoast_head":"<!-- This site is optimized with the Yoast SEO plugin v24.7 - https:\/\/yoast.com\/wordpress\/plugins\/seo\/ -->\n<title>ADPQ-French - Tow Truck Driver Training<\/title>\n<meta name=\"robots\" content=\"index, follow, max-snippet:-1, max-image-preview:large, max-video-preview:-1\" \/>\n<link rel=\"canonical\" href=\"https:\/\/towtruckdrivertraining-tt.tangiblelaunchpad.com\/fr\/adpq-french\/\" \/>\n<meta property=\"og:locale\" content=\"fr_FR\" \/>\n<meta property=\"og:type\" content=\"article\" \/>\n<meta property=\"og:title\" content=\"ADPQ-French - Tow Truck Driver Training\" \/>\n<meta property=\"og:description\" content=\"Si vous avez d\u00e9j\u00e0 suivi une formation de l\u2019A.D.P.Q., veuillez suivre les \u00e9tapes ci-dessous pour enregistrer votre formation \u00e9quivalente.\u00c9TAPE 1Connectez-vous \u00e0 votre compte de formation pour conducteur de d\u00e9panneuse. Si [&hellip;]\" \/>\n<meta property=\"og:url\" content=\"https:\/\/towtruckdrivertraining-tt.tangiblelaunchpad.com\/fr\/adpq-french\/\" \/>\n<meta property=\"og:site_name\" content=\"Tow Truck Driver Training\" \/>\n<meta property=\"article:modified_time\" content=\"2025-06-02T08:04:58+00:00\" \/>\n<meta name=\"twitter:card\" content=\"summary_large_image\" \/>\n<meta name=\"twitter:label1\" content=\"Dur\u00e9e de lecture estim\u00e9e\" \/>\n\t<meta name=\"twitter:data1\" content=\"2 minutes\" \/>\n<script type=\"application\/ld+json\" class=\"yoast-schema-graph\">{\"@context\":\"https:\/\/schema.org\",\"@graph\":[{\"@type\":\"WebPage\",\"@id\":\"https:\/\/towtruckdrivertraining-tt.tangiblelaunchpad.com\/fr\/adpq-french\/\",\"url\":\"https:\/\/towtruckdrivertraining-tt.tangiblelaunchpad.com\/fr\/adpq-french\/\",\"name\":\"ADPQ-French - Tow Truck Driver Training\",\"isPartOf\":{\"@id\":\"https:\/\/towtruckdrivertraining-tt.tangiblelaunchpad.com\/#website\"},\"datePublished\":\"2025-04-03T14:55:23+00:00\",\"dateModified\":\"2025-06-02T08:04:58+00:00\",\"breadcrumb\":{\"@id\":\"https:\/\/towtruckdrivertraining-tt.tangiblelaunchpad.com\/fr\/adpq-french\/#breadcrumb\"},\"inLanguage\":\"fr-FR\",\"potentialAction\":[{\"@type\":\"ReadAction\",\"target\":[\"https:\/\/towtruckdrivertraining-tt.tangiblelaunchpad.com\/fr\/adpq-french\/\"]}]},{\"@type\":\"BreadcrumbList\",\"@id\":\"https:\/\/towtruckdrivertraining-tt.tangiblelaunchpad.com\/fr\/adpq-french\/#breadcrumb\",\"itemListElement\":[{\"@type\":\"ListItem\",\"position\":1,\"name\":\"Home\",\"item\":\"https:\/\/towtruckdrivertraining-tt.tangiblelaunchpad.com\/\"},{\"@type\":\"ListItem\",\"position\":2,\"name\":\"ADPQ-French\"}]},{\"@type\":\"WebSite\",\"@id\":\"https:\/\/towtruckdrivertraining-tt.tangiblelaunchpad.com\/#website\",\"url\":\"https:\/\/towtruckdrivertraining-tt.tangiblelaunchpad.com\/\",\"name\":\"Tow Truck Driver Training\",\"description\":\"Dedicated to the Professional Development of Tow Owners and Operators\",\"potentialAction\":[{\"@type\":\"SearchAction\",\"target\":{\"@type\":\"EntryPoint\",\"urlTemplate\":\"https:\/\/towtruckdrivertraining-tt.tangiblelaunchpad.com\/?s={search_term_string}\"},\"query-input\":{\"@type\":\"PropertyValueSpecification\",\"valueRequired\":true,\"valueName\":\"search_term_string\"}}],\"inLanguage\":\"fr-FR\"}]}<\/script>\n<!-- \/ Yoast SEO plugin. -->","yoast_head_json":{"title":"ADPQ-French - Tow Truck Driver Training","robots":{"index":"index","follow":"follow","max-snippet":"max-snippet:-1","max-image-preview":"max-image-preview:large","max-video-preview":"max-video-preview:-1"},"canonical":"https:\/\/towtruckdrivertraining-tt.tangiblelaunchpad.com\/fr\/adpq-french\/","og_locale":"fr_FR","og_type":"article","og_title":"ADPQ-French - Tow Truck Driver Training","og_description":"Si vous avez d\u00e9j\u00e0 suivi une formation de l\u2019A.D.P.Q., veuillez suivre les \u00e9tapes ci-dessous pour enregistrer votre formation \u00e9quivalente.\u00c9TAPE 1Connectez-vous \u00e0 votre compte de formation pour conducteur de d\u00e9panneuse. Si [&hellip;]","og_url":"https:\/\/towtruckdrivertraining-tt.tangiblelaunchpad.com\/fr\/adpq-french\/","og_site_name":"Tow Truck Driver Training","article_modified_time":"2025-06-02T08:04:58+00:00","twitter_card":"summary_large_image","twitter_misc":{"Dur\u00e9e de lecture estim\u00e9e":"2 minutes"},"schema":{"@context":"https:\/\/schema.org","@graph":[{"@type":"WebPage","@id":"https:\/\/towtruckdrivertraining-tt.tangiblelaunchpad.com\/fr\/adpq-french\/","url":"https:\/\/towtruckdrivertraining-tt.tangiblelaunchpad.com\/fr\/adpq-french\/","name":"ADPQ-French - Tow Truck Driver Training","isPartOf":{"@id":"https:\/\/towtruckdrivertraining-tt.tangiblelaunchpad.com\/#website"},"datePublished":"2025-04-03T14:55:23+00:00","dateModified":"2025-06-02T08:04:58+00:00","breadcrumb":{"@id":"https:\/\/towtruckdrivertraining-tt.tangiblelaunchpad.com\/fr\/adpq-french\/#breadcrumb"},"inLanguage":"fr-FR","potentialAction":[{"@type":"ReadAction","target":["https:\/\/towtruckdrivertraining-tt.tangiblelaunchpad.com\/fr\/adpq-french\/"]}]},{"@type":"BreadcrumbList","@id":"https:\/\/towtruckdrivertraining-tt.tangiblelaunchpad.com\/fr\/adpq-french\/#breadcrumb","itemListElement":[{"@type":"ListItem","position":1,"name":"Home","item":"https:\/\/towtruckdrivertraining-tt.tangiblelaunchpad.com\/"},{"@type":"ListItem","position":2,"name":"ADPQ-French"}]},{"@type":"WebSite","@id":"https:\/\/towtruckdrivertraining-tt.tangiblelaunchpad.com\/#website","url":"https:\/\/towtruckdrivertraining-tt.tangiblelaunchpad.com\/","name":"Tow Truck Driver Training","description":"Dedicated to the Professional Development of Tow Owners and Operators","potentialAction":[{"@type":"SearchAction","target":{"@type":"EntryPoint","urlTemplate":"https:\/\/towtruckdrivertraining-tt.tangiblelaunchpad.com\/?s={search_term_string}"},"query-input":{"@type":"PropertyValueSpecification","valueRequired":true,"valueName":"search_term_string"}}],"inLanguage":"fr-FR"}]}},"_links":{"self":[{"href":"https:\/\/towtruckdrivertraining-tt.tangiblelaunchpad.com\/fr\/wp-json\/wp\/v2\/pages\/474336","targetHints":{"allow":["GET"]}}],"collection":[{"href":"https:\/\/towtruckdrivertraining-tt.tangiblelaunchpad.com\/fr\/wp-json\/wp\/v2\/pages"}],"about":[{"href":"https:\/\/towtruckdrivertraining-tt.tangiblelaunchpad.com\/fr\/wp-json\/wp\/v2\/types\/page"}],"author":[{"embeddable":true,"href":"https:\/\/towtruckdrivertraining-tt.tangiblelaunchpad.com\/fr\/wp-json\/wp\/v2\/users\/3"}],"replies":[{"embeddable":true,"href":"https:\/\/towtruckdrivertraining-tt.tangiblelaunchpad.com\/fr\/wp-json\/wp\/v2\/comments?post=474336"}],"version-history":[{"count":5,"href":"https:\/\/towtruckdrivertraining-tt.tangiblelaunchpad.com\/fr\/wp-json\/wp\/v2\/pages\/474336\/revisions"}],"predecessor-version":[{"id":488565,"href":"https:\/\/towtruckdrivertraining-tt.tangiblelaunchpad.com\/fr\/wp-json\/wp\/v2\/pages\/474336\/revisions\/488565"}],"wp:attachment":[{"href":"https:\/\/towtruckdrivertraining-tt.tangiblelaunchpad.com\/fr\/wp-json\/wp\/v2\/media?parent=474336"}],"curies":[{"name":"wp","href":"https:\/\/api.w.org\/{rel}","templated":true}]}}